{"id":2646,"date":"2025-06-29T20:16:11","date_gmt":"2025-06-29T17:16:11","guid":{"rendered":"https:\/\/hipcampers.com\/error-404\/"},"modified":"2025-11-04T12:44:14","modified_gmt":"2025-11-04T09:44:14","slug":"error-404","status":"publish","type":"page","link":"https:\/\/hipcampers.com\/de\/error-404\/","title":{"rendered":"Error 404"},"content":{"rendered":"\n<header class=\"wp-block-group page-header\"><div class=\"wp-block-group__inner-container is-layout-constrained wp-block-group-is-layout-constrained\">\n<h1 class=\"wp-block-heading\">Oops! Diese Seite konnte nicht gefunden werden. <\/h1>\n<\/div><\/header>\n\n<section class=\"wp-block-group page-content hip-messages\"><div class=\"wp-block-group__inner-container is-layout-constrained wp-block-group-is-layout-constrained\">\n<div class=\"wp-block-group hip-message\"><div class=\"wp-block-group__inner-container is-layout-constrained wp-block-group-is-layout-constrained\">\n<p>Sieht so aus, als w\u00e4ren Sie ein bisschen vom Weg abgekommen! Genau wie beim HIP 4Family entstehen die sch\u00f6nsten Abenteuer nicht gleich beim ersten Anlauf. Kehren Sie zur Startseite zur\u00fcck und versuchen Sie es erneut.  <\/p>\n<\/div><\/div>\n\n\n\n<div class=\"wp-block-group hip-message\"><div class=\"wp-block-group__inner-container is-layout-constrained wp-block-group-is-layout-constrained\">\n<p>Unser <strong>HIP 4Family<\/strong> steht f\u00fcr das Entdecken jenseits des Gewohnten \u2013 vielleicht ist das hier einfach ein Zeichen! Kehren Sie zur\u00fcck und entdecken Sie, was wirklich auf Sie wartet. <\/p>\n<\/div><\/div>\n\n\n\n<div class=\"wp-block-group hip-message\"><div class=\"wp-block-group__inner-container is-layout-constrained wp-block-group-is-layout-constrained\">\n<p>Vielleicht genie\u00dft es gerade die volle Freiheit \u2013 ganz so, wie es sich f\u00fcr einen <strong>HIP 4Family<\/strong> geh\u00f6rt! Kehren Sie zur Startseite zur\u00fcck und entdecken Sie mehr. <\/p>\n<\/div><\/div>\n\n\n\n<div class=\"wp-block-group hip-message\"><div class=\"wp-block-group__inner-container is-layout-constrained wp-block-group-is-layout-constrained\">\n<p>Diese Seite ist wohl auf eigene Tour gegangen \u2013 ganz im Sinne des <strong>HIP 4Family<\/strong>! Zeit, umzudrehen und den Weg zur\u00fcck zu unseren besten Inhalten zu finden. <\/p>\n<\/div><\/div>\n<\/div><\/section>\n","protected":false},"excerpt":{"rendered":"<p>Oops! Diese Seite konnte nicht gefunden werden. Sieht so aus, als w\u00e4ren Sie ein bisschen vom Weg abgekommen! Genau wie beim HIP 4Family entstehen die sch\u00f6nsten Abenteuer nicht gleich beim ersten Anlauf. Kehren Sie zur Startseite zur\u00fcck und versuchen Sie es erneut. Unser HIP 4Family steht f\u00fcr das Entdecken jenseits des Gewohnten \u2013 vielleicht ist [&hellip;]<\/p>\n","protected":false},"author":3,"featured_media":0,"parent":0,"menu_order":20,"comment_status":"closed","ping_status":"closed","template":"","meta":{"footnotes":""},"class_list":["post-2646","page","type-page","status-publish","hentry"],"yoast_head":"<!-- This site is optimized with the Yoast SEO plugin v27.5 - https:\/\/yoast.com\/product\/yoast-seo-wordpress\/ -->\n<title>Error 404 | HIP Campers<\/title>\n<meta name=\"description\" content=\"Fehler 404? Macht nichts \u2013 die spannendsten Abenteuer beginnen oft mit einem kleinen Umweg. Kehren Sie zur 4Family-Startseite zur\u00fcck und finden Sie Ihren Weg.\" \/>\n<meta name=\"robots\" content=\"index, follow, max-snippet:-1, max-image-preview:large, max-video-preview:-1\" \/>\n<link rel=\"canonical\" href=\"https:\/\/hipcampers.com\/de\/error-404\/\" \/>\n<meta property=\"og:locale\" content=\"de_DE\" \/>\n<meta property=\"og:type\" content=\"article\" \/>\n<meta property=\"og:title\" content=\"Error 404 | HIP Campers\" \/>\n<meta property=\"og:description\" content=\"Fehler 404? Macht nichts \u2013 die spannendsten Abenteuer beginnen oft mit einem kleinen Umweg. Kehren Sie zur 4Family-Startseite zur\u00fcck und finden Sie Ihren Weg.\" \/>\n<meta property=\"og:url\" content=\"https:\/\/hipcampers.com\/de\/error-404\/\" \/>\n<meta property=\"og:site_name\" content=\"HIP Campers\" \/>\n<meta property=\"article:publisher\" content=\"https:\/\/www.facebook.com\/hipcampers\/\" \/>\n<meta property=\"article:modified_time\" content=\"2025-11-04T09:44:14+00:00\" \/>\n<meta property=\"og:image\" content=\"https:\/\/hipcampers.com\/wp-content\/uploads\/4Family-menu.png\" \/>\n\t<meta property=\"og:image:width\" content=\"1920\" \/>\n\t<meta property=\"og:image:height\" content=\"1082\" \/>\n\t<meta property=\"og:image:type\" content=\"image\/png\" \/>\n<script type=\"application\/ld+json\" class=\"yoast-schema-graph\">{\n\t    \"@context\": \"https:\\\/\\\/schema.org\",\n\t    \"@graph\": [\n\t        {\n\t            \"@type\": \"WebPage\",\n\t            \"@id\": \"https:\\\/\\\/hipcampers.com\\\/de\\\/error-404\\\/\",\n\t            \"url\": \"https:\\\/\\\/hipcampers.com\\\/de\\\/error-404\\\/\",\n\t            \"name\": \"Error 404 | HIP Campers\",\n\t            \"isPartOf\": {\n\t                \"@id\": \"https:\\\/\\\/hipcampers.com\\\/de\\\/#website\"\n\t            },\n\t            \"datePublished\": \"2025-06-29T17:16:11+00:00\",\n\t            \"dateModified\": \"2025-11-04T09:44:14+00:00\",\n\t            \"description\": \"Fehler 404? Macht nichts \u2013 die spannendsten Abenteuer beginnen oft mit einem kleinen Umweg. Kehren Sie zur 4Family-Startseite zur\u00fcck und finden Sie Ihren Weg.\",\n\t            \"breadcrumb\": {\n\t                \"@id\": \"https:\\\/\\\/hipcampers.com\\\/de\\\/error-404\\\/#breadcrumb\"\n\t            },\n\t            \"inLanguage\": \"de\",\n\t            \"potentialAction\": [\n\t                {\n\t                    \"@type\": \"ReadAction\",\n\t                    \"target\": [\n\t                        \"https:\\\/\\\/hipcampers.com\\\/de\\\/error-404\\\/\"\n\t                    ]\n\t                }\n\t            ]\n\t        },\n\t        {\n\t            \"@type\": \"BreadcrumbList\",\n\t            \"@id\": \"https:\\\/\\\/hipcampers.com\\\/de\\\/error-404\\\/#breadcrumb\",\n\t            \"itemListElement\": [\n\t                {\n\t                    \"@type\": \"ListItem\",\n\t                    \"position\": 1,\n\t                    \"name\": \"Home\",\n\t                    \"item\": \"https:\\\/\\\/hipcampers.com\\\/de\\\/\"\n\t                },\n\t                {\n\t                    \"@type\": \"ListItem\",\n\t                    \"position\": 2,\n\t                    \"name\": \"Error 404\"\n\t                }\n\t            ]\n\t        },\n\t        {\n\t            \"@type\": \"WebSite\",\n\t            \"@id\": \"https:\\\/\\\/hipcampers.com\\\/de\\\/#website\",\n\t            \"url\": \"https:\\\/\\\/hipcampers.com\\\/de\\\/\",\n\t            \"name\": \"HIP Campers\",\n\t            \"description\": \"Manufacturer of premium and functional motorhomes for active European families, suitable for off-grid and camping sites, for any season.\",\n\t            \"publisher\": {\n\t                \"@id\": \"https:\\\/\\\/hipcampers.com\\\/de\\\/#organization\"\n\t            },\n\t            \"alternateName\": \"\u0425\u0418\u041f \u041a\u0435\u043c\u043f\u0435\u0440\u0441\",\n\t            \"potentialAction\": [\n\t                {\n\t                    \"@type\": \"SearchAction\",\n\t                    \"target\": {\n\t                        \"@type\": \"EntryPoint\",\n\t                        \"urlTemplate\": \"https:\\\/\\\/hipcampers.com\\\/de\\\/?s={search_term_string}\"\n\t                    },\n\t                    \"query-input\": {\n\t                        \"@type\": \"PropertyValueSpecification\",\n\t                        \"valueRequired\": true,\n\t                        \"valueName\": \"search_term_string\"\n\t                    }\n\t                }\n\t            ],\n\t            \"inLanguage\": \"de\"\n\t        },\n\t        {\n\t            \"@type\": \"Organization\",\n\t            \"@id\": \"https:\\\/\\\/hipcampers.com\\\/de\\\/#organization\",\n\t            \"name\": \"HIP Campers\",\n\t            \"alternateName\": \"\u0425\u0418\u041f \u041a\u0435\u043c\u043f\u0435\u0440\u0441\",\n\t            \"url\": \"https:\\\/\\\/hipcampers.com\\\/de\\\/\",\n\t            \"logo\": {\n\t                \"@type\": \"ImageObject\",\n\t                \"inLanguage\": \"de\",\n\t                \"@id\": \"https:\\\/\\\/hipcampers.com\\\/de\\\/#\\\/schema\\\/logo\\\/image\\\/\",\n\t                \"url\": \"https:\\\/\\\/hipcampers.com\\\/wp-content\\\/uploads\\\/Logo-HIP-Campers-512.png\",\n\t                \"contentUrl\": \"https:\\\/\\\/hipcampers.com\\\/wp-content\\\/uploads\\\/Logo-HIP-Campers-512.png\",\n\t                \"width\": 512,\n\t                \"height\": 512,\n\t                \"caption\": \"HIP Campers\"\n\t            },\n\t            \"image\": {\n\t                \"@id\": \"https:\\\/\\\/hipcampers.com\\\/de\\\/#\\\/schema\\\/logo\\\/image\\\/\"\n\t            },\n\t            \"sameAs\": [\n\t                \"https:\\\/\\\/www.facebook.com\\\/hipcampers\\\/\",\n\t                \"https:\\\/\\\/www.linkedin.com\\\/company\\\/hip-campers\\\/\",\n\t                \"https:\\\/\\\/www.instagram.com\\\/hipcampers\\\/\"\n\t            ],\n\t            \"legalName\": \"Hip Campers AD\",\n\t            \"legalRepresentative\": \"Vassil Petev\",\n\t            \"slogan\": \"Like No Other\",\n\t            \"vatID\": \"BG208024941\",\n\t            \"taxID\": \"BG208024941\",\n\t            \"foundingDate\": \"2017-10-09\",\n\t            \"description\": \"Manufacturer of modern and functional motorhomes for active European travelers, suitable for off-grid and camping sites, for any season.\",\n\t            \"email\": \"hello@hipcampers.com\",\n\t            \"address\": [\n\t                {\n\t                    \"@type\": \"PostalAddress\",\n\t                    \"streetAddress\": \"62 Shumako Street\",\n\t                    \"addressLocality\": \"Sofia\",\n\t                    \"addressCountry\": \"BG\",\n\t                    \"postalCode\": \"1434\"\n\t                }\n\t            ],\n\t            \"foundingLocation\": [\n\t                {\n\t                    \"@type\": \"PostalAddress\",\n\t                    \"addressLocality\": \"Sofia\",\n\t                    \"addressCountry\": \"BG\"\n\t                }\n\t            ],\n\t            \"contactPoint\": [\n\t                {\n\t                    \"@type\": \"ContactPoint\",\n\t                    \"contactType\": \"Sales\",\n\t                    \"areaServed\": \"EU\",\n\t                    \"availableLanguage\": [\n\t                        \"en\",\n\t                        \"bg\",\n\t                        \"de\"\n\t                    ],\n\t                    \"email\": \"sales@hipcampers.com\"\n\t                }\n\t            ]\n\t        }\n\t    ]\n\t}<\/script>\n<!-- \/ Yoast SEO plugin. -->","yoast_head_json":{"title":"Error 404 | HIP Campers","description":"Fehler 404? Macht nichts \u2013 die spannendsten Abenteuer beginnen oft mit einem kleinen Umweg. Kehren Sie zur 4Family-Startseite zur\u00fcck und finden Sie Ihren Weg.","robots":{"index":"index","follow":"follow","max-snippet":"max-snippet:-1","max-image-preview":"max-image-preview:large","max-video-preview":"max-video-preview:-1"},"canonical":"https:\/\/hipcampers.com\/de\/error-404\/","og_locale":"de_DE","og_type":"article","og_title":"Error 404 | HIP Campers","og_description":"Fehler 404? Macht nichts \u2013 die spannendsten Abenteuer beginnen oft mit einem kleinen Umweg. Kehren Sie zur 4Family-Startseite zur\u00fcck und finden Sie Ihren Weg.","og_url":"https:\/\/hipcampers.com\/de\/error-404\/","og_site_name":"HIP Campers","article_publisher":"https:\/\/www.facebook.com\/hipcampers\/","article_modified_time":"2025-11-04T09:44:14+00:00","og_image":[{"width":1920,"height":1082,"url":"https:\/\/hipcampers.com\/wp-content\/uploads\/4Family-menu.png","type":"image\/png"}],"schema":{"@context":"https:\/\/schema.org","@graph":[{"@type":"WebPage","@id":"https:\/\/hipcampers.com\/de\/error-404\/","url":"https:\/\/hipcampers.com\/de\/error-404\/","name":"Error 404 | HIP Campers","isPartOf":{"@id":"https:\/\/hipcampers.com\/de\/#website"},"datePublished":"2025-06-29T17:16:11+00:00","dateModified":"2025-11-04T09:44:14+00:00","description":"Fehler 404? Macht nichts \u2013 die spannendsten Abenteuer beginnen oft mit einem kleinen Umweg. Kehren Sie zur 4Family-Startseite zur\u00fcck und finden Sie Ihren Weg.","breadcrumb":{"@id":"https:\/\/hipcampers.com\/de\/error-404\/#breadcrumb"},"inLanguage":"de","potentialAction":[{"@type":"ReadAction","target":["https:\/\/hipcampers.com\/de\/error-404\/"]}]},{"@type":"BreadcrumbList","@id":"https:\/\/hipcampers.com\/de\/error-404\/#breadcrumb","itemListElement":[{"@type":"ListItem","position":1,"name":"Home","item":"https:\/\/hipcampers.com\/de\/"},{"@type":"ListItem","position":2,"name":"Error 404"}]},{"@type":"WebSite","@id":"https:\/\/hipcampers.com\/de\/#website","url":"https:\/\/hipcampers.com\/de\/","name":"HIP Campers","description":"Manufacturer of premium and functional motorhomes for active European families, suitable for off-grid and camping sites, for any season.","publisher":{"@id":"https:\/\/hipcampers.com\/de\/#organization"},"alternateName":"\u0425\u0418\u041f \u041a\u0435\u043c\u043f\u0435\u0440\u0441","potentialAction":[{"@type":"SearchAction","target":{"@type":"EntryPoint","urlTemplate":"https:\/\/hipcampers.com\/de\/?s={search_term_string}"},"query-input":{"@type":"PropertyValueSpecification","valueRequired":true,"valueName":"search_term_string"}}],"inLanguage":"de"},{"@type":"Organization","@id":"https:\/\/hipcampers.com\/de\/#organization","name":"HIP Campers","alternateName":"\u0425\u0418\u041f \u041a\u0435\u043c\u043f\u0435\u0440\u0441","url":"https:\/\/hipcampers.com\/de\/","logo":{"@type":"ImageObject","inLanguage":"de","@id":"https:\/\/hipcampers.com\/de\/#\/schema\/logo\/image\/","url":"https:\/\/hipcampers.com\/wp-content\/uploads\/Logo-HIP-Campers-512.png","contentUrl":"https:\/\/hipcampers.com\/wp-content\/uploads\/Logo-HIP-Campers-512.png","width":512,"height":512,"caption":"HIP Campers"},"image":{"@id":"https:\/\/hipcampers.com\/de\/#\/schema\/logo\/image\/"},"sameAs":["https:\/\/www.facebook.com\/hipcampers\/","https:\/\/www.linkedin.com\/company\/hip-campers\/","https:\/\/www.instagram.com\/hipcampers\/"],"legalName":"Hip Campers AD","legalRepresentative":"Vassil Petev","slogan":"Like No Other","vatID":"BG208024941","taxID":"BG208024941","foundingDate":"2017-10-09","description":"Manufacturer of modern and functional motorhomes for active European travelers, suitable for off-grid and camping sites, for any season.","email":"hello@hipcampers.com","address":[{"@type":"PostalAddress","streetAddress":"62 Shumako Street","addressLocality":"Sofia","addressCountry":"BG","postalCode":"1434"}],"foundingLocation":[{"@type":"PostalAddress","addressLocality":"Sofia","addressCountry":"BG"}],"contactPoint":[{"@type":"ContactPoint","contactType":"Sales","areaServed":"EU","availableLanguage":["en","bg","de"],"email":"sales@hipcampers.com"}]}]}},"_links":{"self":[{"href":"https:\/\/hipcampers.com\/de\/wp-json\/wp\/v2\/pages\/2646","targetHints":{"allow":["GET"]}}],"collection":[{"href":"https:\/\/hipcampers.com\/de\/wp-json\/wp\/v2\/pages"}],"about":[{"href":"https:\/\/hipcampers.com\/de\/wp-json\/wp\/v2\/types\/page"}],"author":[{"embeddable":true,"href":"https:\/\/hipcampers.com\/de\/wp-json\/wp\/v2\/users\/3"}],"replies":[{"embeddable":true,"href":"https:\/\/hipcampers.com\/de\/wp-json\/wp\/v2\/comments?post=2646"}],"version-history":[{"count":3,"href":"https:\/\/hipcampers.com\/de\/wp-json\/wp\/v2\/pages\/2646\/revisions"}],"predecessor-version":[{"id":2751,"href":"https:\/\/hipcampers.com\/de\/wp-json\/wp\/v2\/pages\/2646\/revisions\/2751"}],"wp:attachment":[{"href":"https:\/\/hipcampers.com\/de\/wp-json\/wp\/v2\/media?parent=2646"}],"curies":[{"name":"wp","href":"https:\/\/api.w.org\/{rel}","templated":true}]}}