{"id":2523,"date":"2025-06-06T15:05:40","date_gmt":"2025-06-06T12:05:40","guid":{"rendered":"https:\/\/hipcampers.com\/newsletter-anmeldung\/"},"modified":"2026-03-02T16:46:26","modified_gmt":"2026-03-02T13:46:26","slug":"newsletter-sign-up","status":"publish","type":"page","link":"https:\/\/hipcampers.com\/de\/newsletter-sign-up\/","title":{"rendered":"Newsletter Anmeldung"},"content":{"rendered":"\n<header class=\"wp-block-group\"><div class=\"wp-block-group__inner-container is-layout-constrained wp-block-group-is-layout-constrained\">\n<h1 class=\"wp-block-heading\">Newsletter Anmeldung<\/h1>\n<\/div><\/header>\n\n<section class=\"wp-block-group group-bg radius-top-left radius-top-right\"><div class=\"wp-block-group__inner-container is-layout-constrained wp-block-group-is-layout-constrained\">\n<h2 class=\"wp-block-heading\">Jetzt f\u00fcr unseren Newsletter und Updates anmelden<\/h2>\n\n\n\n<p>In K\u00fcrze erfahren Sie mehr \u00fcber unser zweites Modell \u2013 den HIP 2Enjoy.<\/p>\n\n\n\n<p><!-- Begin Brevo Form -->\n<!-- START - We recommend to place the below code in head tag of your website html  -->\n\n<link rel=\"stylesheet\" href=\"https:\/\/sibforms.com\/forms\/end-form\/build\/sib-styles.css\"\/>\n<!--  END - We recommend to place the above code in head tag of your website html -->\n\n<!-- START - We recommend to place the below code where you want the form in your website html  -->\n<\/p><div class=\"sib-form\" style=\"text-align: center; background-color: #EFF2F7;  \">\n  <div id=\"sib-form-container\" class=\"sib-form-container\">\n    <div id=\"error-message\" class=\"sib-form-message-panel\" style=\"font-size:16px; text-align:left; font-family:Helvetica, sans-serif; color:#661d1d; background-color:#ffeded; border-radius:3px; border-color:#ff4949;max-width:540px;\">\n      <div class=\"sib-form-message-panel__text sib-form-message-panel__text--center\">\n        <svg viewbox=\"0 0 512 512\" class=\"sib-icon sib-notification__icon\">\n          <path d=\"M256 40c118.621 0 216 96.075 216 216 0 119.291-96.61 216-216 216-119.244 0-216-96.562-216-216 0-119.203 96.602-216 216-216m0-32C119.043 8 8 119.083 8 256c0 136.997 111.043 248 248 248s248-111.003 248-248C504 119.083 392.957 8 256 8zm-11.49 120h22.979c6.823 0 12.274 5.682 11.99 12.5l-7 168c-.268 6.428-5.556 11.5-11.99 11.5h-8.979c-6.433 0-11.722-5.073-11.99-11.5l-7-168c-.283-6.818 5.167-12.5 11.99-12.5zM256 340c-15.464 0-28 12.536-28 28s12.536 28 28 28 28-12.536 28-28-12.536-28-28-28z\"><\/path>\n        <\/svg>\n        <span class=\"sib-form-message-panel__inner-text\">\n Ihre Anmeldung konnte leider nicht gespeichert werden. Bitte versuchen Sie es erneut. \n                      <\/span>\n      <\/div>\n    <\/div>\n    <div><\/div>\n    <div id=\"success-message\" class=\"sib-form-message-panel\" style=\"font-size:16px; text-align:left; color:#085229; background-color:#e7faf0; border-radius:3px; border-color:#13ce66;max-width:540px;\">\n      <div class=\"sib-form-message-panel__text sib-form-message-panel__text--center\">\n        <svg viewbox=\"0 0 512 512\" class=\"sib-icon sib-notification__icon\">\n          <path d=\"M256 8C119.033 8 8 119.033 8 256s111.033 248 248 248 248-111.033 248-248S392.967 8 256 8zm0 464c-118.664 0-216-96.055-216-216 0-118.663 96.055-216 216-216 118.664 0 216 96.055 216 216 0 118.663-96.055 216-216 216zm141.63-274.961L217.15 376.071c-4.705 4.667-12.303 4.637-16.97-.068l-85.878-86.572c-4.667-4.705-4.637-12.303.068-16.97l8.52-8.451c4.705-4.667 12.303-4.637 16.97.068l68.976 69.533 163.441-162.13c4.705-4.667 12.303-4.637 16.97.068l8.451 8.52c4.668 4.705 4.637 12.303-.068 16.97z\"><\/path>\n        <\/svg>\n        <span class=\"sib-form-message-panel__inner-text\">\n Vielen Dank f\u00fcr Ihre Anmeldung \u2013 willkommen bei HIP Campers!\n                      <\/span>\n      <\/div>\n    <\/div>\n    <div><\/div>\n    <div id=\"sib-container\" class=\"sib-container--large sib-container--vertical\" style=\"text-align:center; background-color:rgba(255,255,255,1); max-width:540px; border-radius:3px; border-width:1px; border-color:#C0CCD9; border-style:solid; direction:ltr\">\n      <form id=\"sib-form\" method=\"POST\" action=\"https:\/\/51763e6d.sibforms.com\/serve\/MUIFAFw8wsbOKoU1s4eqxtyX2Wjj79xijaJ1yclk3Iln5tjL5xJDj3KRGXuUJUItCzKM2Oxls_QdMrpqdRcb0_odgrbJtrD4gKfok9szGTkRD4OyhAGCUS47XtfQl85e5FPmPXSk0hXt5CIQYVvApuhk24vSmOqzcmWARm_uceAbwtAbensM7eKoF14xA5FGZJYeC1yBHghdI-S9\" data-type=\"subscription\">\n        <div style=\"padding: 8px 0;\">\n          <div class=\"sib-input sib-form-block\">\n            <div class=\"form__entry entry_block\">\n              <div class=\"form__label-row \">\n                <label class=\"entry__label\" style=\"font-weight: 700; text-align:left; font-size:16px; text-align:left; font-weight:700; font-family:Helvetica, sans-serif; color:#3c4858;\" for=\"EMAIL\" data-required=\"*\">Email Adresse<\/label>\n\n                <div class=\"entry__field\">\n                  <input class=\"input \" type=\"text\" id=\"EMAIL\" name=\"EMAIL\" autocomplete=\"off\" data-required=\"true\" required=\"\"\/>\n                <\/div>\n              <\/div>\n\n              <label class=\"entry__error entry__error--primary\" style=\"font-size:16px; text-align:left; font-family:Helvetica, sans-serif; color:#661d1d; background-color:#ffeded; border-radius:3px; border-color:#ff4949;\">\n              <\/label>\n            <\/div>\n          <\/div>\n        <\/div>\n        <div style=\"padding: 8px 0;\">\n          <div class=\"sib-optin sib-form-block\">\n            <div class=\"form__entry entry_mcq\">\n              <div class=\"form__label-row \">\n                <div class=\"entry__choice\" style=\"\">\n                  <label>\n                    <input type=\"checkbox\" class=\"input_replaced\" value=\"1\" id=\"OPT_IN\" name=\"OPT_IN\"\/>\n                    <span class=\"checkbox checkbox_tick_positive\" style=\"margin-left:\"><\/span><span style=\"font-size:14px; text-align:left; font-family:Helvetica, sans-serif; color:#3C4858; background-color:transparent;\"><p>Ich stimme dem Erhalt des Newsletters zu und akzeptiere die <a href=\"https:\/\/hipcampers.com\/privacy-policy\/\">Datenschutzrichtlinie<\/a>.<\/p><\/span> <\/label>\n                <\/div>\n              <\/div>\n              <label class=\"entry__error entry__error--primary\" style=\"font-size:16px; text-align:left; font-family:Helvetica, sans-serif; color:#661d1d; background-color:#ffeded; border-radius:3px; border-color:#ff4949;\">\n              <\/label>\n              <label class=\"entry__specification\" style=\"font-size:12px; text-align:left; font-family:Helvetica, sans-serif; color:#8390A4; text-align:left\">\n Sie k\u00f6nnen sich jederzeit \u00fcber den Link in unserem Newsletter abmelden.\n              <\/label>\n            <\/div>\n          <\/div>\n        <\/div>\n        <div style=\"padding: 8px 0;\">\n          <div class=\"g-recaptcha-v3\" data-sitekey=\"6LdNM8IgAAAAAELl6hxudDY0D46mJdCEB4SXGlBE\" style=\"display: none\"><\/div>\n        <\/div>\n        <div style=\"padding: 8px 0;\">\n          <div class=\"sib-form-block\" style=\"text-align: left\">\n            <button class=\"sib-form-block__button sib-form-block__button-with-loader\" style=\"font-size:16px; text-align:left; font-weight:700; font-family:Helvetica, sans-serif; color:#FFFFFF; background-color:#3E4857; border-radius:3px; border-width:0px;\" form=\"sib-form\" type=\"submit\">\n              <svg class=\"icon clickable__icon progress-indicator__icon sib-hide-loader-icon\" viewbox=\"0 0 512 512\" style=\"\">\n                <path d=\"M460.116 373.846l-20.823-12.022c-5.541-3.199-7.54-10.159-4.663-15.874 30.137-59.886 28.343-131.652-5.386-189.946-33.641-58.394-94.896-95.833-161.827-99.676C261.028 55.961 256 50.751 256 44.352V20.309c0-6.904 5.808-12.337 12.703-11.982 83.556 4.306 160.163 50.864 202.11 123.677 42.063 72.696 44.079 162.316 6.031 236.832-3.14 6.148-10.75 8.461-16.728 5.01z\"><\/path>\n              <\/svg>\n Jetzt abonnieren\n            <\/button>\n          <\/div>\n        <\/div>\n\n        <input type=\"text\" name=\"email_address_check\" value=\"\" class=\"input--hidden\"\/>\n        <input type=\"hidden\" name=\"locale\" value=\"en\"\/>\n      <\/form>\n    <\/div>\n  <\/div>\n<\/div>\n<!-- END - We recommend to place the above code where you want the form in your website html  -->\n\n<!-- START - We recommend to place the below code in footer or bottom of your website html  -->\n<script>\n  window.REQUIRED_CODE_ERROR_MESSAGE = 'Please choose a country code';\n  window.LOCALE = 'en';\n  window.EMAIL_INVALID_MESSAGE = window.SMS_INVALID_MESSAGE = \"The information provided is invalid. Please review the field format and try again.\";\n\n  window.REQUIRED_ERROR_MESSAGE = \"This field cannot be left blank. \";\n\n  window.GENERIC_INVALID_MESSAGE = \"The information provided is invalid. Please review the field format and try again.\";\n\n\n\n\n  window.translation = {\n    common: {\n      selectedList: '{quantity} list selected',\n      selectedLists: '{quantity} lists selected',\n      selectedOption: '{quantity} selected',\n      selectedOptions: '{quantity} selected',\n    }\n  };\n\n  var AUTOHIDE = Boolean(0);\n<\/script>\n\n<script defer=\"defer\" src=\"https:\/\/sibforms.com\/forms\/end-form\/build\/main.js\"><\/script>\n\n<script src=\"https:\/\/www.google.com\/recaptcha\/api.js?render=6LdNM8IgAAAAAELl6hxudDY0D46mJdCEB4SXGlBE&#038;hl=en\" async=\"\" defer=\"defer\"><\/script>\n\n<!-- END - We recommend to place the above code in footer or bottom of your website html  -->\n<!-- End Brevo Form -->\n<\/div><\/section>\n","protected":false},"excerpt":{"rendered":"<p>Newsletter Anmeldung Jetzt f\u00fcr unseren Newsletter und Updates anmelden In K\u00fcrze erfahren Sie mehr \u00fcber unser zweites Modell \u2013 den HIP 2Enjoy. Ihre Anmeldung konnte leider nicht gespeichert werden. Bitte versuchen Sie es erneut. Vielen Dank f\u00fcr Ihre Anmeldung \u2013 willkommen bei HIP Campers! Email Adresse Ich stimme dem Erhalt des Newsletters zu und akzeptiere [&hellip;]<\/p>\n","protected":false},"author":1,"featured_media":0,"parent":0,"menu_order":19,"comment_status":"closed","ping_status":"closed","template":"","meta":{"footnotes":""},"class_list":["post-2523","page","type-page","status-publish","hentry"],"yoast_head":"<!-- This site is optimized with the Yoast SEO plugin v27.5 - https:\/\/yoast.com\/product\/yoast-seo-wordpress\/ -->\n<title>Newsletter Anmeldung | HIP Campers<\/title>\n<meta name=\"description\" content=\"Abonnieren Sie die HIP Campers News \u2013 versprochen: nur echte Neuigkeiten, kein Marketing-Gerede.\" \/>\n<meta name=\"robots\" content=\"index, follow, max-snippet:-1, max-image-preview:large, max-video-preview:-1\" \/>\n<link rel=\"canonical\" href=\"https:\/\/hipcampers.com\/de\/newsletter-sign-up\/\" \/>\n<meta property=\"og:locale\" content=\"de_DE\" \/>\n<meta property=\"og:type\" content=\"article\" \/>\n<meta property=\"og:title\" content=\"Newsletter Anmeldung | HIP Campers\" \/>\n<meta property=\"og:description\" content=\"Abonnieren Sie die HIP Campers News \u2013 versprochen: nur echte Neuigkeiten, kein Marketing-Gerede.\" \/>\n<meta property=\"og:url\" content=\"https:\/\/hipcampers.com\/de\/newsletter-sign-up\/\" \/>\n<meta property=\"og:site_name\" content=\"HIP Campers\" \/>\n<meta property=\"article:publisher\" content=\"https:\/\/www.facebook.com\/hipcampers\/\" \/>\n<meta property=\"article:modified_time\" content=\"2026-03-02T13:46:26+00:00\" \/>\n<meta property=\"og:image\" content=\"https:\/\/hipcampers.com\/wp-content\/uploads\/4Family-menu.png\" \/>\n\t<meta property=\"og:image:width\" content=\"1920\" \/>\n\t<meta property=\"og:image:height\" content=\"1082\" \/>\n\t<meta property=\"og:image:type\" content=\"image\/png\" \/>\n<script type=\"application\/ld+json\" class=\"yoast-schema-graph\">{\n\t    \"@context\": \"https:\\\/\\\/schema.org\",\n\t    \"@graph\": [\n\t        {\n\t            \"@type\": \"WebPage\",\n\t            \"@id\": \"https:\\\/\\\/hipcampers.com\\\/de\\\/newsletter-sign-up\\\/\",\n\t            \"url\": \"https:\\\/\\\/hipcampers.com\\\/de\\\/newsletter-sign-up\\\/\",\n\t            \"name\": \"Newsletter Anmeldung | HIP Campers\",\n\t            \"isPartOf\": {\n\t                \"@id\": \"https:\\\/\\\/hipcampers.com\\\/de\\\/#website\"\n\t            },\n\t            \"datePublished\": \"2025-06-06T12:05:40+00:00\",\n\t            \"dateModified\": \"2026-03-02T13:46:26+00:00\",\n\t            \"description\": \"Abonnieren Sie die HIP Campers News \u2013 versprochen: nur echte Neuigkeiten, kein Marketing-Gerede.\",\n\t            \"breadcrumb\": {\n\t                \"@id\": \"https:\\\/\\\/hipcampers.com\\\/de\\\/newsletter-sign-up\\\/#breadcrumb\"\n\t            },\n\t            \"inLanguage\": \"de\",\n\t            \"potentialAction\": [\n\t                {\n\t                    \"@type\": \"ReadAction\",\n\t                    \"target\": [\n\t                        \"https:\\\/\\\/hipcampers.com\\\/de\\\/newsletter-sign-up\\\/\"\n\t                    ]\n\t                }\n\t            ]\n\t        },\n\t        {\n\t            \"@type\": \"BreadcrumbList\",\n\t            \"@id\": \"https:\\\/\\\/hipcampers.com\\\/de\\\/newsletter-sign-up\\\/#breadcrumb\",\n\t            \"itemListElement\": [\n\t                {\n\t                    \"@type\": \"ListItem\",\n\t                    \"position\": 1,\n\t                    \"name\": \"Home\",\n\t                    \"item\": \"https:\\\/\\\/hipcampers.com\\\/de\\\/\"\n\t                },\n\t                {\n\t                    \"@type\": \"ListItem\",\n\t                    \"position\": 2,\n\t                    \"name\": \"Newsletter Anmeldung\"\n\t                }\n\t            ]\n\t        },\n\t        {\n\t            \"@type\": \"WebSite\",\n\t            \"@id\": \"https:\\\/\\\/hipcampers.com\\\/de\\\/#website\",\n\t            \"url\": \"https:\\\/\\\/hipcampers.com\\\/de\\\/\",\n\t            \"name\": \"HIP Campers\",\n\t            \"description\": \"Manufacturer of premium and functional motorhomes for active European families, suitable for off-grid and camping sites, for any season.\",\n\t            \"publisher\": {\n\t                \"@id\": \"https:\\\/\\\/hipcampers.com\\\/de\\\/#organization\"\n\t            },\n\t            \"alternateName\": \"\u0425\u0418\u041f \u041a\u0435\u043c\u043f\u0435\u0440\u0441\",\n\t            \"potentialAction\": [\n\t                {\n\t                    \"@type\": \"SearchAction\",\n\t                    \"target\": {\n\t                        \"@type\": \"EntryPoint\",\n\t                        \"urlTemplate\": \"https:\\\/\\\/hipcampers.com\\\/de\\\/?s={search_term_string}\"\n\t                    },\n\t                    \"query-input\": {\n\t                        \"@type\": \"PropertyValueSpecification\",\n\t                        \"valueRequired\": true,\n\t                        \"valueName\": \"search_term_string\"\n\t                    }\n\t                }\n\t            ],\n\t            \"inLanguage\": \"de\"\n\t        },\n\t        {\n\t            \"@type\": \"Organization\",\n\t            \"@id\": \"https:\\\/\\\/hipcampers.com\\\/de\\\/#organization\",\n\t            \"name\": \"HIP Campers\",\n\t            \"alternateName\": \"\u0425\u0418\u041f \u041a\u0435\u043c\u043f\u0435\u0440\u0441\",\n\t            \"url\": \"https:\\\/\\\/hipcampers.com\\\/de\\\/\",\n\t            \"logo\": {\n\t                \"@type\": \"ImageObject\",\n\t                \"inLanguage\": \"de\",\n\t                \"@id\": \"https:\\\/\\\/hipcampers.com\\\/de\\\/#\\\/schema\\\/logo\\\/image\\\/\",\n\t                \"url\": \"https:\\\/\\\/hipcampers.com\\\/wp-content\\\/uploads\\\/Logo-HIP-Campers-512.png\",\n\t                \"contentUrl\": \"https:\\\/\\\/hipcampers.com\\\/wp-content\\\/uploads\\\/Logo-HIP-Campers-512.png\",\n\t                \"width\": 512,\n\t                \"height\": 512,\n\t                \"caption\": \"HIP Campers\"\n\t            },\n\t            \"image\": {\n\t                \"@id\": \"https:\\\/\\\/hipcampers.com\\\/de\\\/#\\\/schema\\\/logo\\\/image\\\/\"\n\t            },\n\t            \"sameAs\": [\n\t                \"https:\\\/\\\/www.facebook.com\\\/hipcampers\\\/\",\n\t                \"https:\\\/\\\/www.linkedin.com\\\/company\\\/hip-campers\\\/\",\n\t                \"https:\\\/\\\/www.instagram.com\\\/hipcampers\\\/\"\n\t            ],\n\t            \"legalName\": \"Hip Campers AD\",\n\t            \"legalRepresentative\": \"Vassil Petev\",\n\t            \"slogan\": \"Like No Other\",\n\t            \"vatID\": \"BG208024941\",\n\t            \"taxID\": \"BG208024941\",\n\t            \"foundingDate\": \"2017-10-09\",\n\t            \"description\": \"Manufacturer of modern and functional motorhomes for active European travelers, suitable for off-grid and camping sites, for any season.\",\n\t            \"email\": \"hello@hipcampers.com\",\n\t            \"address\": [\n\t                {\n\t                    \"@type\": \"PostalAddress\",\n\t                    \"streetAddress\": \"62 Shumako Street\",\n\t                    \"addressLocality\": \"Sofia\",\n\t                    \"addressCountry\": \"BG\",\n\t                    \"postalCode\": \"1434\"\n\t                }\n\t            ],\n\t            \"foundingLocation\": [\n\t                {\n\t                    \"@type\": \"PostalAddress\",\n\t                    \"addressLocality\": \"Sofia\",\n\t                    \"addressCountry\": \"BG\"\n\t                }\n\t            ],\n\t            \"contactPoint\": [\n\t                {\n\t                    \"@type\": \"ContactPoint\",\n\t                    \"contactType\": \"Sales\",\n\t                    \"areaServed\": \"EU\",\n\t                    \"availableLanguage\": [\n\t                        \"en\",\n\t                        \"bg\",\n\t                        \"de\"\n\t                    ],\n\t                    \"email\": \"sales@hipcampers.com\"\n\t                }\n\t            ]\n\t        }\n\t    ]\n\t}<\/script>\n<!-- \/ Yoast SEO plugin. -->","yoast_head_json":{"title":"Newsletter Anmeldung | HIP Campers","description":"Abonnieren Sie die HIP Campers News \u2013 versprochen: nur echte Neuigkeiten, kein Marketing-Gerede.","robots":{"index":"index","follow":"follow","max-snippet":"max-snippet:-1","max-image-preview":"max-image-preview:large","max-video-preview":"max-video-preview:-1"},"canonical":"https:\/\/hipcampers.com\/de\/newsletter-sign-up\/","og_locale":"de_DE","og_type":"article","og_title":"Newsletter Anmeldung | HIP Campers","og_description":"Abonnieren Sie die HIP Campers News \u2013 versprochen: nur echte Neuigkeiten, kein Marketing-Gerede.","og_url":"https:\/\/hipcampers.com\/de\/newsletter-sign-up\/","og_site_name":"HIP Campers","article_publisher":"https:\/\/www.facebook.com\/hipcampers\/","article_modified_time":"2026-03-02T13:46:26+00:00","og_image":[{"width":1920,"height":1082,"url":"https:\/\/hipcampers.com\/wp-content\/uploads\/4Family-menu.png","type":"image\/png"}],"schema":{"@context":"https:\/\/schema.org","@graph":[{"@type":"WebPage","@id":"https:\/\/hipcampers.com\/de\/newsletter-sign-up\/","url":"https:\/\/hipcampers.com\/de\/newsletter-sign-up\/","name":"Newsletter Anmeldung | HIP Campers","isPartOf":{"@id":"https:\/\/hipcampers.com\/de\/#website"},"datePublished":"2025-06-06T12:05:40+00:00","dateModified":"2026-03-02T13:46:26+00:00","description":"Abonnieren Sie die HIP Campers News \u2013 versprochen: nur echte Neuigkeiten, kein Marketing-Gerede.","breadcrumb":{"@id":"https:\/\/hipcampers.com\/de\/newsletter-sign-up\/#breadcrumb"},"inLanguage":"de","potentialAction":[{"@type":"ReadAction","target":["https:\/\/hipcampers.com\/de\/newsletter-sign-up\/"]}]},{"@type":"BreadcrumbList","@id":"https:\/\/hipcampers.com\/de\/newsletter-sign-up\/#breadcrumb","itemListElement":[{"@type":"ListItem","position":1,"name":"Home","item":"https:\/\/hipcampers.com\/de\/"},{"@type":"ListItem","position":2,"name":"Newsletter Anmeldung"}]},{"@type":"WebSite","@id":"https:\/\/hipcampers.com\/de\/#website","url":"https:\/\/hipcampers.com\/de\/","name":"HIP Campers","description":"Manufacturer of premium and functional motorhomes for active European families, suitable for off-grid and camping sites, for any season.","publisher":{"@id":"https:\/\/hipcampers.com\/de\/#organization"},"alternateName":"\u0425\u0418\u041f \u041a\u0435\u043c\u043f\u0435\u0440\u0441","potentialAction":[{"@type":"SearchAction","target":{"@type":"EntryPoint","urlTemplate":"https:\/\/hipcampers.com\/de\/?s={search_term_string}"},"query-input":{"@type":"PropertyValueSpecification","valueRequired":true,"valueName":"search_term_string"}}],"inLanguage":"de"},{"@type":"Organization","@id":"https:\/\/hipcampers.com\/de\/#organization","name":"HIP Campers","alternateName":"\u0425\u0418\u041f \u041a\u0435\u043c\u043f\u0435\u0440\u0441","url":"https:\/\/hipcampers.com\/de\/","logo":{"@type":"ImageObject","inLanguage":"de","@id":"https:\/\/hipcampers.com\/de\/#\/schema\/logo\/image\/","url":"https:\/\/hipcampers.com\/wp-content\/uploads\/Logo-HIP-Campers-512.png","contentUrl":"https:\/\/hipcampers.com\/wp-content\/uploads\/Logo-HIP-Campers-512.png","width":512,"height":512,"caption":"HIP Campers"},"image":{"@id":"https:\/\/hipcampers.com\/de\/#\/schema\/logo\/image\/"},"sameAs":["https:\/\/www.facebook.com\/hipcampers\/","https:\/\/www.linkedin.com\/company\/hip-campers\/","https:\/\/www.instagram.com\/hipcampers\/"],"legalName":"Hip Campers AD","legalRepresentative":"Vassil Petev","slogan":"Like No Other","vatID":"BG208024941","taxID":"BG208024941","foundingDate":"2017-10-09","description":"Manufacturer of modern and functional motorhomes for active European travelers, suitable for off-grid and camping sites, for any season.","email":"hello@hipcampers.com","address":[{"@type":"PostalAddress","streetAddress":"62 Shumako Street","addressLocality":"Sofia","addressCountry":"BG","postalCode":"1434"}],"foundingLocation":[{"@type":"PostalAddress","addressLocality":"Sofia","addressCountry":"BG"}],"contactPoint":[{"@type":"ContactPoint","contactType":"Sales","areaServed":"EU","availableLanguage":["en","bg","de"],"email":"sales@hipcampers.com"}]}]}},"_links":{"self":[{"href":"https:\/\/hipcampers.com\/de\/wp-json\/wp\/v2\/pages\/2523","targetHints":{"allow":["GET"]}}],"collection":[{"href":"https:\/\/hipcampers.com\/de\/wp-json\/wp\/v2\/pages"}],"about":[{"href":"https:\/\/hipcampers.com\/de\/wp-json\/wp\/v2\/types\/page"}],"author":[{"embeddable":true,"href":"https:\/\/hipcampers.com\/de\/wp-json\/wp\/v2\/users\/1"}],"replies":[{"embeddable":true,"href":"https:\/\/hipcampers.com\/de\/wp-json\/wp\/v2\/comments?post=2523"}],"version-history":[{"count":7,"href":"https:\/\/hipcampers.com\/de\/wp-json\/wp\/v2\/pages\/2523\/revisions"}],"predecessor-version":[{"id":2608,"href":"https:\/\/hipcampers.com\/de\/wp-json\/wp\/v2\/pages\/2523\/revisions\/2608"}],"wp:attachment":[{"href":"https:\/\/hipcampers.com\/de\/wp-json\/wp\/v2\/media?parent=2523"}],"curies":[{"name":"wp","href":"https:\/\/api.w.org\/{rel}","templated":true}]}}